{"id":71,"date":"2024-12-19T15:08:09","date_gmt":"2024-12-19T15:08:09","guid":{"rendered":"https:\/\/sygeplejenshistorie.dk\/?page_id=71"},"modified":"2026-04-16T11:08:22","modified_gmt":"2026-04-16T11:08:22","slug":"polio-maend-og-velfaerd","status":"publish","type":"page","link":"https:\/\/sygeplejenshistorie.dk\/?page_id=71","title":{"rendered":"polio, m\u00e6nd og velf\u00e6rd"},"content":{"rendered":"\t\t<div data-elementor-type=\"wp-post\" data-elementor-id=\"71\" class=\"elementor elementor-71\" data-elementor-post-type=\"page\">\n\t\t\t\t<div class=\"elementor-element elementor-element-2cd1fce9 image-background e-flex e-con-boxed e-con e-parent\" data-id=\"2cd1fce9\" data-element_type=\"container\" data-e-type=\"container\" data-settings=\"{&quot;background_background&quot;:&quot;classic&quot;}\">\n\t\t\t\t\t<div class=\"e-con-inner\">\n\t\t\t\t<div class=\"elementor-element elementor-element-6a7408b arrow elementor-absolute elementor-widget-tablet__width-inherit elementor-view-default elementor-widget elementor-widget-icon\" data-id=\"6a7408b\" data-element_type=\"widget\" data-e-type=\"widget\" data-settings=\"{&quot;_position&quot;:&quot;absolute&quot;}\" data-widget_type=\"icon.default\">\n\t\t\t\t<div class=\"elementor-widget-container\">\n\t\t\t\t\t\t\t<div class=\"elementor-icon-wrapper\">\n\t\t\t<a class=\"elementor-icon elementor-animation-float\" href=\"https:\/\/sygeplejenshistorie.dk\/\">\n\t\t\t<svg aria-hidden=\"true\" class=\"e-font-icon-svg e-fas-angle-double-left\" viewBox=\"0 0 448 512\" xmlns=\"http:\/\/www.w3.org\/2000\/svg\"><path d=\"M223.7 239l136-136c9.4-9.4 24.6-9.4 33.9 0l22.6 22.6c9.4 9.4 9.4 24.6 0 33.9L319.9 256l96.4 96.4c9.4 9.4 9.4 24.6 0 33.9L393.7 409c-9.4 9.4-24.6 9.4-33.9 0l-136-136c-9.5-9.4-9.5-24.6-.1-34zm-192 34l136 136c9.4 9.4 24.6 9.4 33.9 0l22.6-22.6c9.4-9.4 9.4-24.6 0-33.9L127.9 256l96.4-96.4c9.4-9.4 9.4-24.6 0-33.9L201.7 103c-9.4-9.4-24.6-9.4-33.9 0l-136 136c-9.5 9.4-9.5 24.6-.1 34z\"><\/path><\/svg>\t\t\t<\/a>\n\t\t<\/div>\n\t\t\t\t\t\t<\/div>\n\t\t\t\t<\/div>\n\t\t\t\t<div class=\"elementor-element elementor-element-eb379f5 arrow elementor-absolute elementor-widget-tablet__width-inherit elementor-view-default elementor-widget elementor-widget-icon\" data-id=\"eb379f5\" data-element_type=\"widget\" data-e-type=\"widget\" data-settings=\"{&quot;_position&quot;:&quot;absolute&quot;}\" data-widget_type=\"icon.default\">\n\t\t\t\t<div class=\"elementor-widget-container\">\n\t\t\t\t\t\t\t<div class=\"elementor-icon-wrapper\">\n\t\t\t<a class=\"elementor-icon elementor-animation-float\" href=\"https:\/\/sygeplejenshistorie.dk\/?page_id=73\">\n\t\t\t<svg aria-hidden=\"true\" class=\"e-font-icon-svg e-fas-angle-right\" viewBox=\"0 0 256 512\" xmlns=\"http:\/\/www.w3.org\/2000\/svg\"><path d=\"M224.3 273l-136 136c-9.4 9.4-24.6 9.4-33.9 0l-22.6-22.6c-9.4-9.4-9.4-24.6 0-33.9l96.4-96.4-96.4-96.4c-9.4-9.4-9.4-24.6 0-33.9L54.3 103c9.4-9.4 24.6-9.4 33.9 0l136 136c9.5 9.4 9.5 24.6.1 34z\"><\/path><\/svg>\t\t\t<\/a>\n\t\t<\/div>\n\t\t\t\t\t\t<\/div>\n\t\t\t\t<\/div>\n\t\t\t\t<div class=\"elementor-element elementor-element-408c72a8 elementor-widget elementor-widget-heading\" data-id=\"408c72a8\" data-element_type=\"widget\" data-e-type=\"widget\" data-widget_type=\"heading.default\">\n\t\t\t\t<div class=\"elementor-widget-container\">\n\t\t\t\t\t<h1 class=\"elementor-heading-title elementor-size-default\">Forandringernes \u00e5r: Velf\u00e6rd, polio og m\u00e6ndenes indtog <\/h1>\t\t\t\t<\/div>\n\t\t\t\t<\/div>\n\t\t\t\t\t<\/div>\n\t\t\t\t<\/div>\n\t\t<div class=\"elementor-element elementor-element-e7b88f5 e-flex e-con-boxed e-con e-parent\" data-id=\"e7b88f5\" data-element_type=\"container\" data-e-type=\"container\">\n\t\t\t\t\t<div class=\"e-con-inner\">\n\t\t<div class=\"elementor-element elementor-element-cdec443 e-con-full e-flex e-con e-child\" data-id=\"cdec443\" data-element_type=\"container\" data-e-type=\"container\">\n\t\t\t\t<div class=\"elementor-element elementor-element-5272fe7 elementor-widget__width-inherit elementor-widget elementor-widget-html\" data-id=\"5272fe7\" data-element_type=\"widget\" data-e-type=\"widget\" data-widget_type=\"html.default\">\n\t\t\t\t<div class=\"elementor-widget-container\">\n\t\t\t\t\t<div style=\"max-width:640px\"><div style=\"position:relative;padding-bottom:56.25%\"><iframe id=\"kaltura_player\" type=\"text\/javascript\"  src='https:\/\/api.kaltura.nordu.net\/p\/367\/embedPlaykitJs\/uiconf_id\/23454499?iframeembed=true&entry_id=0_kmk4q479&config[provider]={\"widgetId\":\"0_pfjqs3o8\"}&config[playback]={\"startTime\":0}'  allowfullscreen webkitallowfullscreen mozAllowFullScreen allow=\"autoplay *; fullscreen *; encrypted-media *\" sandbox=\"allow-downloads allow-forms allow-same-origin allow-scripts allow-top-navigation allow-pointer-lock allow-popups allow-modals allow-orientation-lock allow-popups-to-escape-sandbox allow-presentation allow-top-navigation-by-user-activation\" title=\"Sygeplejens Historie - episode 4\" style=\"position:absolute;top:0;left:0;width:100%;height:100%;border:0\"><\/iframe><\/div><\/div>\t\t\t\t<\/div>\n\t\t\t\t<\/div>\n\t\t\t\t<\/div>\n\t\t<div class=\"elementor-element elementor-element-7bce759 e-con-full e-flex e-con e-child\" data-id=\"7bce759\" data-element_type=\"container\" data-e-type=\"container\">\n\t\t\t\t<div class=\"elementor-element elementor-element-809a8a4 elementor-widget elementor-widget-button\" data-id=\"809a8a4\" data-element_type=\"widget\" data-e-type=\"widget\" data-widget_type=\"button.default\">\n\t\t\t\t<div class=\"elementor-widget-container\">\n\t\t\t\t\t\t\t\t\t<div class=\"elementor-button-wrapper\">\n\t\t\t\t\t<a class=\"elementor-button elementor-button-link elementor-size-sm\" href=\"https:\/\/sygeplejenshistorie.dk\/wp-content\/uploads\/2026\/03\/Kapitel-4-specialisering.docx\">\n\t\t\t\t\t\t<span class=\"elementor-button-content-wrapper\">\n\t\t\t\t\t\t\t\t\t<span class=\"elementor-button-text\">L\u00c6RERVEJLEDNING<\/span>\n\t\t\t\t\t<\/span>\n\t\t\t\t\t<\/a>\n\t\t\t\t<\/div>\n\t\t\t\t\t\t\t\t<\/div>\n\t\t\t\t<\/div>\n\t\t\t\t<div class=\"elementor-element elementor-element-5efeffc elementor-widget elementor-widget-heading\" data-id=\"5efeffc\" data-element_type=\"widget\" data-e-type=\"widget\" data-widget_type=\"heading.default\">\n\t\t\t\t<div class=\"elementor-widget-container\">\n\t\t\t\t\t<h2 class=\"elementor-heading-title elementor-size-default\">M\u00e6nd i sygeplejen<\/h2>\t\t\t\t<\/div>\n\t\t\t\t<\/div>\n\t\t\t\t<div class=\"elementor-element elementor-element-2cd3c9d elementor-widget elementor-widget-text-editor\" data-id=\"2cd3c9d\" data-element_type=\"widget\" data-e-type=\"widget\" data-widget_type=\"text-editor.default\">\n\t\t\t\t<div class=\"elementor-widget-container\">\n\t\t\t\t\t\t\t\t\t<p>Sygeplejen er historisk set blevet betragtet som et kvindefag. En betragtning, som blev cementeret med\u00a0 statsautorisationen i 1933, hvori en sygeplejerske pr. definition var kvinde.\u00a0<\/p><p><span style=\"text-align: var(--text-align);\">Efter 2. Verdenskrig opstod der imidlertid en alvorlig mangel p\u00e5 sygeplejersker i Danmark. I 1949 var 32,5% af sygehusenes sygeplejerske- og elevstillinger ubesatte. For at afhj\u00e6lpe denne mangel blev der ansat privatsygeplejersker og ufagl\u00e6rte sygehj\u00e6lpere, men disse l\u00f8sninger var utilstr\u00e6kkelige, og kvaliteten af plejen var utilfredsstillende.<\/span><\/p><p>Som alternativ l\u00f8sning, blev der i 1951 iv\u00e6rksat et eksperiment p\u00e5 Rigshospitalet, hvor de f\u00f8rste mandlige sygeplejeelever blev optaget. Dette fors\u00f8g vakte stor opm\u00e6rksomhed, og m\u00e6ndene blev fulgt n\u00f8je. F\u00f8rst fem m\u00e5neder efter afsluttet uddannelse i 1954 modtog de deres autorisation.<\/p><p>Selvom man havde h\u00e5bet, at flere m\u00e6nd,\u00a0<span style=\"text-align: var(--text-align);\">efter eksperimentet,<\/span><span style=\"text-align: var(--text-align);\">\u00a0ville v\u00e6lge sygeplejen som erhverv, forblev tilslutningen begr\u00e6nset. Dette skyldtes sandsynligvis den st\u00e6rke opfattelse af sygepleje som et kvindefag, som stadig var g\u00e6ldende p\u00e5 den tid. I dag er andelen af mandlige sygeplejersker stadig relativt lav, og der g\u00f8res fortsat en indsats for at tiltr\u00e6kke flere m\u00e6nd til professionen.\u00a0<\/span><\/p>\t\t\t\t\t\t\t\t<\/div>\n\t\t\t\t<\/div>\n\t\t\t\t<\/div>\n\t\t\t\t\t<\/div>\n\t\t\t\t<\/div>\n\t\t<div class=\"elementor-element elementor-element-2fe57da e-flex e-con-boxed e-con e-parent\" data-id=\"2fe57da\" data-element_type=\"container\" data-e-type=\"container\">\n\t\t\t\t\t<div class=\"e-con-inner\">\n\t\t<div class=\"elementor-element elementor-element-9d267a4 e-con-full e-flex e-con e-child\" data-id=\"9d267a4\" data-element_type=\"container\" data-e-type=\"container\">\n\t\t\t\t<div class=\"elementor-element elementor-element-3dd541e elementor-widget elementor-widget-heading\" data-id=\"3dd541e\" data-element_type=\"widget\" data-e-type=\"widget\" data-widget_type=\"heading.default\">\n\t\t\t\t<div class=\"elementor-widget-container\">\n\t\t\t\t\t<h2 class=\"elementor-heading-title elementor-size-default\">Polioepidemier<\/h2>\t\t\t\t<\/div>\n\t\t\t\t<\/div>\n\t\t\t\t<div class=\"elementor-element elementor-element-1786e56 elementor-widget elementor-widget-text-editor\" data-id=\"1786e56\" data-element_type=\"widget\" data-e-type=\"widget\" data-widget_type=\"text-editor.default\">\n\t\t\t\t<div class=\"elementor-widget-container\">\n\t\t\t\t\t\t\t\t\t<p>Siden 1955 har man vaccineret mod polio, og virussen er nu stort set udryddet. Men inden da, var polio en frygtet sygdom, der ofte opstod som epidemier om sommeren og efter\u00e5ret, is\u00e6r blandt b\u00f8rn og unge. Selvom de fleste kun oplevede milde symptomer, kunne virussen i nogle tilf\u00e6lde for\u00e5rsage livslange lammelser eller endda d\u00f8d.\u00a0<\/p><p>Polioepidemierne spillede en central rolle i udviklingen af <span style=\"text-align: var(--text-align);\">intensiv-specialet, da det her blev tydeligt\u00a0<\/span><span style=\"text-align: var(--text-align);\">at det kunne redde liv.<\/span><span style=\"text-align: var(--text-align);\">\u00a0Det\u00a0<\/span><span style=\"text-align: var(--text-align);\">banede vejen for specialisering inden for an\u00e6stesiologi og intensivbehandling, samt<\/span><span style=\"text-align: var(--text-align);\">\u00a0forarbejdet til\u00a0 respiratorer, som vi kender dem i dag.<\/span><span style=\"text-align: var(--text-align);\">\u00a0<\/span><\/p>\t\t\t\t\t\t\t\t<\/div>\n\t\t\t\t<\/div>\n\t\t\t\t<\/div>\n\t\t<div class=\"elementor-element elementor-element-a3a96f4 e-con-full e-flex e-con e-child\" data-id=\"a3a96f4\" data-element_type=\"container\" data-e-type=\"container\">\n\t\t\t\t<div class=\"elementor-element elementor-element-e34f56a elementor-widget elementor-widget-heading\" data-id=\"e34f56a\" data-element_type=\"widget\" data-e-type=\"widget\" data-widget_type=\"heading.default\">\n\t\t\t\t<div class=\"elementor-widget-container\">\n\t\t\t\t\t<h2 class=\"elementor-heading-title elementor-size-default\">Jutlandia<\/h2>\t\t\t\t<\/div>\n\t\t\t\t<\/div>\n\t\t\t\t<div class=\"elementor-element elementor-element-4d7bb21 elementor-widget elementor-widget-text-editor\" data-id=\"4d7bb21\" data-element_type=\"widget\" data-e-type=\"widget\" data-widget_type=\"text-editor.default\">\n\t\t\t\t<div class=\"elementor-widget-container\">\n\t\t\t\t\t\t\t\t\t<p>Hospitalsskibet <em>Jutlandia<\/em> blev sendt afsted af Danmark under Koreakrigen 1950-53 som et humanit\u00e6rt bidrag til FN\u2019s indsats. Skibet blev indrettet til at fungere som et hospital og medbragte n\u00e6sten 4000 sygeplejersker, der var blandt de f\u00f8rste, der s\u00f8gte om at v\u00e6re en del af bes\u00e6tningen. Sygeplejerskerne p\u00e5 Jutlandia spillede en afg\u00f8rende rolle i behandlingen af s\u00e5rede soldater. Derudover hjalp de ogs\u00e5 civile, is\u00e6r i perioder med relativ fred.\u00a0<\/p><p>Danskerne \u00f8nskede ikke at sende tropper af sted, da det kunne provokere Sovjetunionen. Jutlandia blev derfor Danmarks alternative indsats i den internationale n\u00f8dhj\u00e6lp.\u00a0<span style=\"text-align: var(--text-align);\">Hospitalsskibet foretog tre togter til Korea.<\/span><\/p>\t\t\t\t\t\t\t\t<\/div>\n\t\t\t\t<\/div>\n\t\t\t\t<\/div>\n\t\t\t\t\t<\/div>\n\t\t\t\t<\/div>\n\t\t<div class=\"elementor-element elementor-element-2a6d32b e-flex e-con-boxed e-con e-parent\" data-id=\"2a6d32b\" data-element_type=\"container\" data-e-type=\"container\">\n\t\t\t\t\t<div class=\"e-con-inner\">\n\t\t<div class=\"elementor-element elementor-element-31f616d e-con-full e-flex e-con e-child\" data-id=\"31f616d\" data-element_type=\"container\" data-e-type=\"container\">\n\t\t\t\t<div class=\"elementor-element elementor-element-1673ba2 elementor-view-default elementor-position-block-start elementor-mobile-position-block-start elementor-widget elementor-widget-icon-box\" data-id=\"1673ba2\" data-element_type=\"widget\" data-e-type=\"widget\" data-widget_type=\"icon-box.default\">\n\t\t\t\t<div class=\"elementor-widget-container\">\n\t\t\t\t\t\t\t<div class=\"elementor-icon-box-wrapper\">\n\n\t\t\t\t\t\t<div class=\"elementor-icon-box-icon\">\n\t\t\t\t<a href=\"https:\/\/sygeplejenshistorie.dk\/?page_id=192\" popup=\"\" class=\"elementor-icon\" tabindex=\"-1\" aria-label=\"\u00d8velser\">\n\t\t\t\t<svg aria-hidden=\"true\" class=\"e-font-icon-svg e-far-edit\" viewBox=\"0 0 576 512\" xmlns=\"http:\/\/www.w3.org\/2000\/svg\"><path d=\"M402.3 344.9l32-32c5-5 13.7-1.5 13.7 5.7V464c0 26.5-21.5 48-48 48H48c-26.5 0-48-21.5-48-48V112c0-26.5 21.5-48 48-48h273.5c7.1 0 10.7 8.6 5.7 13.7l-32 32c-1.5 1.5-3.5 2.3-5.7 2.3H48v352h352V350.5c0-2.1.8-4.1 2.3-5.6zm156.6-201.8L296.3 405.7l-90.4 10c-26.2 2.9-48.5-19.2-45.6-45.6l10-90.4L432.9 17.1c22.9-22.9 59.9-22.9 82.7 0l43.2 43.2c22.9 22.9 22.9 60 .1 82.8zM460.1 174L402 115.9 216.2 301.8l-7.3 65.3 65.3-7.3L460.1 174zm64.8-79.7l-43.2-43.2c-4.1-4.1-10.8-4.1-14.8 0L436 82l58.1 58.1 30.9-30.9c4-4.2 4-10.8-.1-14.9z\"><\/path><\/svg>\t\t\t\t<\/a>\n\t\t\t<\/div>\n\t\t\t\n\t\t\t\t\t\t<div class=\"elementor-icon-box-content\">\n\n\t\t\t\t\t\t\t\t\t<h3 class=\"elementor-icon-box-title\">\n\t\t\t\t\t\t<a href=\"https:\/\/sygeplejenshistorie.dk\/?page_id=192\" popup=\"\" >\n\t\t\t\t\t\t\t\u00d8velser\t\t\t\t\t\t<\/a>\n\t\t\t\t\t<\/h3>\n\t\t\t\t\n\t\t\t\t\t\t\t\t\t<p class=\"elementor-icon-box-description\">\n\t\t\t\t\t\tDu finder \u00f8velser relateret til materialet ved at trykke her\t\t\t\t\t<\/p>\n\t\t\t\t\n\t\t\t<\/div>\n\t\t\t\n\t\t<\/div>\n\t\t\t\t\t\t<\/div>\n\t\t\t\t<\/div>\n\t\t\t\t<\/div>\n\t\t<div class=\"elementor-element elementor-element-231e678 e-con-full e-flex e-con e-child\" data-id=\"231e678\" data-element_type=\"container\" data-e-type=\"container\">\n\t\t\t\t<div class=\"elementor-element elementor-element-84d2ecf elementor-view-default elementor-position-block-start elementor-mobile-position-block-start elementor-widget elementor-widget-icon-box\" data-id=\"84d2ecf\" data-element_type=\"widget\" data-e-type=\"widget\" data-widget_type=\"icon-box.default\">\n\t\t\t\t<div class=\"elementor-widget-container\">\n\t\t\t\t\t\t\t<div class=\"elementor-icon-box-wrapper\">\n\n\t\t\t\t\t\t<div class=\"elementor-icon-box-icon\">\n\t\t\t\t<a href=\"https:\/\/dsr.dk\/sygeplejemuseet\/#Sygeplejens+Historie\" class=\"elementor-icon\" tabindex=\"-1\" aria-label=\"Vil du vide mere\">\n\t\t\t\t<svg aria-hidden=\"true\" class=\"e-font-icon-svg e-fas-info-circle\" viewBox=\"0 0 512 512\" xmlns=\"http:\/\/www.w3.org\/2000\/svg\"><path d=\"M256 8C119.043 8 8 119.083 8 256c0 136.997 111.043 248 248 248s248-111.003 248-248C504 119.083 392.957 8 256 8zm0 110c23.196 0 42 18.804 42 42s-18.804 42-42 42-42-18.804-42-42 18.804-42 42-42zm56 254c0 6.627-5.373 12-12 12h-88c-6.627 0-12-5.373-12-12v-24c0-6.627 5.373-12 12-12h12v-64h-12c-6.627 0-12-5.373-12-12v-24c0-6.627 5.373-12 12-12h64c6.627 0 12 5.373 12 12v100h12c6.627 0 12 5.373 12 12v24z\"><\/path><\/svg>\t\t\t\t<\/a>\n\t\t\t<\/div>\n\t\t\t\n\t\t\t\t\t\t<div class=\"elementor-icon-box-content\">\n\n\t\t\t\t\t\t\t\t\t<h3 class=\"elementor-icon-box-title\">\n\t\t\t\t\t\t<a href=\"https:\/\/dsr.dk\/sygeplejemuseet\/#Sygeplejens+Historie\" >\n\t\t\t\t\t\t\tVil du vide mere\t\t\t\t\t\t<\/a>\n\t\t\t\t\t<\/h3>\n\t\t\t\t\n\t\t\t\t\t\t\t\t\t<p class=\"elementor-icon-box-description\">\n\t\t\t\t\t\tTryk her for at komme til Dansk Sygeplejehistorisk museums hjemmeside\t\t\t\t\t<\/p>\n\t\t\t\t\n\t\t\t<\/div>\n\t\t\t\n\t\t<\/div>\n\t\t\t\t\t\t<\/div>\n\t\t\t\t<\/div>\n\t\t\t\t<\/div>\n\t\t<div class=\"elementor-element elementor-element-d2feb92 e-con-full e-flex e-con e-child\" data-id=\"d2feb92\" data-element_type=\"container\" data-e-type=\"container\">\n\t\t\t\t<div class=\"elementor-element elementor-element-72f26e1 elementor-view-default elementor-position-block-start elementor-mobile-position-block-start elementor-widget elementor-widget-icon-box\" data-id=\"72f26e1\" data-element_type=\"widget\" data-e-type=\"widget\" data-widget_type=\"icon-box.default\">\n\t\t\t\t<div class=\"elementor-widget-container\">\n\t\t\t\t\t\t\t<div class=\"elementor-icon-box-wrapper\">\n\n\t\t\t\t\t\t<div class=\"elementor-icon-box-icon\">\n\t\t\t\t<a href=\"https:\/\/api.kaltura.nordu.net\/p\/367\/embedPlaykitJs\/uiconf_id\/23454499?iframeembed=true&#038;entry_id=0_c4wl2oua&#038;config%5Bprovider%5D=%7B%22widgetId%22%3A%220_6mqz3334%22%7D&#038;config%5Bplayback%5D=%7B%22startTime%22%3A0%7D\" class=\"elementor-icon\" tabindex=\"-1\" aria-label=\"Dokumentar\">\n\t\t\t\t<svg aria-hidden=\"true\" class=\"e-font-icon-svg e-fas-film\" viewBox=\"0 0 512 512\" xmlns=\"http:\/\/www.w3.org\/2000\/svg\"><path d=\"M488 64h-8v20c0 6.6-5.4 12-12 12h-40c-6.6 0-12-5.4-12-12V64H96v20c0 6.6-5.4 12-12 12H44c-6.6 0-12-5.4-12-12V64h-8C10.7 64 0 74.7 0 88v336c0 13.3 10.7 24 24 24h8v-20c0-6.6 5.4-12 12-12h40c6.6 0 12 5.4 12 12v20h320v-20c0-6.6 5.4-12 12-12h40c6.6 0 12 5.4 12 12v20h8c13.3 0 24-10.7 24-24V88c0-13.3-10.7-24-24-24zM96 372c0 6.6-5.4 12-12 12H44c-6.6 0-12-5.4-12-12v-40c0-6.6 5.4-12 12-12h40c6.6 0 12 5.4 12 12v40zm0-96c0 6.6-5.4 12-12 12H44c-6.6 0-12-5.4-12-12v-40c0-6.6 5.4-12 12-12h40c6.6 0 12 5.4 12 12v40zm0-96c0 6.6-5.4 12-12 12H44c-6.6 0-12-5.4-12-12v-40c0-6.6 5.4-12 12-12h40c6.6 0 12 5.4 12 12v40zm272 208c0 6.6-5.4 12-12 12H156c-6.6 0-12-5.4-12-12v-96c0-6.6 5.4-12 12-12h200c6.6 0 12 5.4 12 12v96zm0-168c0 6.6-5.4 12-12 12H156c-6.6 0-12-5.4-12-12v-96c0-6.6 5.4-12 12-12h200c6.6 0 12 5.4 12 12v96zm112 152c0 6.6-5.4 12-12 12h-40c-6.6 0-12-5.4-12-12v-40c0-6.6 5.4-12 12-12h40c6.6 0 12 5.4 12 12v40zm0-96c0 6.6-5.4 12-12 12h-40c-6.6 0-12-5.4-12-12v-40c0-6.6 5.4-12 12-12h40c6.6 0 12 5.4 12 12v40zm0-96c0 6.6-5.4 12-12 12h-40c-6.6 0-12-5.4-12-12v-40c0-6.6 5.4-12 12-12h40c6.6 0 12 5.4 12 12v40z\"><\/path><\/svg>\t\t\t\t<\/a>\n\t\t\t<\/div>\n\t\t\t\n\t\t\t\t\t\t<div class=\"elementor-icon-box-content\">\n\n\t\t\t\t\t\t\t\t\t<h3 class=\"elementor-icon-box-title\">\n\t\t\t\t\t\t<a href=\"https:\/\/api.kaltura.nordu.net\/p\/367\/embedPlaykitJs\/uiconf_id\/23454499?iframeembed=true&#038;entry_id=0_c4wl2oua&#038;config%5Bprovider%5D=%7B%22widgetId%22%3A%220_6mqz3334%22%7D&#038;config%5Bplayback%5D=%7B%22startTime%22%3A0%7D\" >\n\t\t\t\t\t\t\tDokumentar\t\t\t\t\t\t<\/a>\n\t\t\t\t\t<\/h3>\n\t\t\t\t\n\t\t\t\t\t\t\t\t\t<p class=\"elementor-icon-box-description\">\n\t\t\t\t\t\tDu kan finde alt materialet samlet i \u00e9n dokumentar ved at trykke her\t\t\t\t\t<\/p>\n\t\t\t\t\n\t\t\t<\/div>\n\t\t\t\n\t\t<\/div>\n\t\t\t\t\t\t<\/div>\n\t\t\t\t<\/div>\n\t\t\t\t<\/div>\n\t\t\t\t\t<\/div>\n\t\t\t\t<\/div>\n\t\t<div class=\"elementor-element elementor-element-34e1a71b e-flex e-con-boxed e-con e-parent\" data-id=\"34e1a71b\" data-element_type=\"container\" data-e-type=\"container\">\n\t\t\t\t\t<div class=\"e-con-inner\">\n\t\t<div class=\"elementor-element elementor-element-44f4a8d e-con-full e-flex e-con e-child\" data-id=\"44f4a8d\" data-element_type=\"container\" data-e-type=\"container\">\n\t\t\t\t<div class=\"elementor-element elementor-element-285f8ad0 elementor-widget elementor-widget-image\" data-id=\"285f8ad0\" data-element_type=\"widget\" data-e-type=\"widget\" data-widget_type=\"image.default\">\n\t\t\t\t<div class=\"elementor-widget-container\">\n\t\t\t\t\t\t\t\t\t\t\t\t\t\t\t<img fetchpriority=\"high\" decoding=\"async\" width=\"480\" height=\"192\" src=\"https:\/\/sygeplejenshistorie.dk\/wp-content\/uploads\/2024\/08\/Augustinus_Fonden_logo-neg.png\" class=\"attachment-large size-large wp-image-61\" alt=\"\" srcset=\"https:\/\/sygeplejenshistorie.dk\/wp-content\/uploads\/2024\/08\/Augustinus_Fonden_logo-neg.png 480w, https:\/\/sygeplejenshistorie.dk\/wp-content\/uploads\/2024\/08\/Augustinus_Fonden_logo-neg-300x120.png 300w\" sizes=\"(max-width: 480px) 100vw, 480px\" \/>\t\t\t\t\t\t\t\t\t\t\t\t\t\t\t<\/div>\n\t\t\t\t<\/div>\n\t\t\t\t<\/div>\n\t\t<div class=\"elementor-element elementor-element-71b21559 e-con-full e-flex e-con e-child\" data-id=\"71b21559\" data-element_type=\"container\" data-e-type=\"container\">\n\t\t\t\t<div class=\"elementor-element elementor-element-23da9a85 elementor-widget elementor-widget-image\" data-id=\"23da9a85\" data-element_type=\"widget\" data-e-type=\"widget\" data-widget_type=\"image.default\">\n\t\t\t\t<div class=\"elementor-widget-container\">\n\t\t\t\t\t\t\t\t\t\t\t\t\t\t\t<img decoding=\"async\" width=\"800\" height=\"793\" src=\"https:\/\/sygeplejenshistorie.dk\/wp-content\/uploads\/2024\/08\/Untitled-1-01-1024x1015.png\" class=\"attachment-large size-large wp-image-45\" alt=\"\" srcset=\"https:\/\/sygeplejenshistorie.dk\/wp-content\/uploads\/2024\/08\/Untitled-1-01-1024x1015.png 1024w, https:\/\/sygeplejenshistorie.dk\/wp-content\/uploads\/2024\/08\/Untitled-1-01-300x297.png 300w, https:\/\/sygeplejenshistorie.dk\/wp-content\/uploads\/2024\/08\/Untitled-1-01-150x150.png 150w, https:\/\/sygeplejenshistorie.dk\/wp-content\/uploads\/2024\/08\/Untitled-1-01-768x761.png 768w, https:\/\/sygeplejenshistorie.dk\/wp-content\/uploads\/2024\/08\/Untitled-1-01-1536x1523.png 1536w, https:\/\/sygeplejenshistorie.dk\/wp-content\/uploads\/2024\/08\/Untitled-1-01-2048x2030.png 2048w\" sizes=\"(max-width: 800px) 100vw, 800px\" \/>\t\t\t\t\t\t\t\t\t\t\t\t\t\t\t<\/div>\n\t\t\t\t<\/div>\n\t\t\t\t<\/div>\n\t\t<div class=\"elementor-element elementor-element-1e696451 e-con-full e-flex e-con e-child\" data-id=\"1e696451\" data-element_type=\"container\" data-e-type=\"container\">\n\t\t\t\t<div class=\"elementor-element elementor-element-425f967 elementor-widget elementor-widget-image\" data-id=\"425f967\" data-element_type=\"widget\" data-e-type=\"widget\" data-widget_type=\"image.default\">\n\t\t\t\t<div class=\"elementor-widget-container\">\n\t\t\t\t\t\t\t\t\t\t\t\t\t\t\t<img decoding=\"async\" width=\"662\" height=\"405\" src=\"https:\/\/sygeplejenshistorie.dk\/wp-content\/uploads\/2025\/02\/Jorcks_logo_blaa_RGB.png\" class=\"attachment-large size-large wp-image-124\" alt=\"\" srcset=\"https:\/\/sygeplejenshistorie.dk\/wp-content\/uploads\/2025\/02\/Jorcks_logo_blaa_RGB.png 662w, https:\/\/sygeplejenshistorie.dk\/wp-content\/uploads\/2025\/02\/Jorcks_logo_blaa_RGB-300x184.png 300w\" sizes=\"(max-width: 662px) 100vw, 662px\" \/>\t\t\t\t\t\t\t\t\t\t\t\t\t\t\t<\/div>\n\t\t\t\t<\/div>\n\t\t\t\t<\/div>\n\t\t<div class=\"elementor-element elementor-element-5945bc98 e-con-full e-flex e-con e-child\" data-id=\"5945bc98\" data-element_type=\"container\" data-e-type=\"container\">\n\t\t\t\t<div class=\"elementor-element elementor-element-2ca26fe0 elementor-widget elementor-widget-image\" data-id=\"2ca26fe0\" data-element_type=\"widget\" data-e-type=\"widget\" data-widget_type=\"image.default\">\n\t\t\t\t<div class=\"elementor-widget-container\">\n\t\t\t\t\t\t\t\t\t\t\t\t\t\t\t<img loading=\"lazy\" decoding=\"async\" width=\"800\" height=\"150\" src=\"https:\/\/sygeplejenshistorie.dk\/wp-content\/uploads\/2025\/10\/poul-m-assens-fond-1024x192.png\" class=\"attachment-large size-large wp-image-215\" alt=\"\" srcset=\"https:\/\/sygeplejenshistorie.dk\/wp-content\/uploads\/2025\/10\/poul-m-assens-fond-1024x192.png 1024w, https:\/\/sygeplejenshistorie.dk\/wp-content\/uploads\/2025\/10\/poul-m-assens-fond-300x56.png 300w, https:\/\/sygeplejenshistorie.dk\/wp-content\/uploads\/2025\/10\/poul-m-assens-fond-768x144.png 768w, https:\/\/sygeplejenshistorie.dk\/wp-content\/uploads\/2025\/10\/poul-m-assens-fond.png 1211w\" sizes=\"(max-width: 800px) 100vw, 800px\" \/>\t\t\t\t\t\t\t\t\t\t\t\t\t\t\t<\/div>\n\t\t\t\t<\/div>\n\t\t\t\t<\/div>\n\t\t\t\t\t<\/div>\n\t\t\t\t<\/div>\n\t\t<div class=\"elementor-element elementor-element-59622d7 e-con-full e-flex e-con e-child\" data-id=\"59622d7\" data-element_type=\"container\" data-e-type=\"container\">\n\t\t\t\t<div class=\"elementor-element elementor-element-4f18863 elementor-widget elementor-widget-image\" data-id=\"4f18863\" data-element_type=\"widget\" data-e-type=\"widget\" data-widget_type=\"image.default\">\n\t\t\t\t<div class=\"elementor-widget-container\">\n\t\t\t\t\t\t\t\t\t\t\t\t\t\t\t<img loading=\"lazy\" decoding=\"async\" width=\"800\" height=\"165\" src=\"https:\/\/sygeplejenshistorie.dk\/wp-content\/uploads\/2024\/08\/kp-logo-external-use-dk-white-rgb-1024x211.png\" class=\"attachment-large size-large wp-image-46\" alt=\"\" srcset=\"https:\/\/sygeplejenshistorie.dk\/wp-content\/uploads\/2024\/08\/kp-logo-external-use-dk-white-rgb-1024x211.png 1024w, https:\/\/sygeplejenshistorie.dk\/wp-content\/uploads\/2024\/08\/kp-logo-external-use-dk-white-rgb-300x62.png 300w, https:\/\/sygeplejenshistorie.dk\/wp-content\/uploads\/2024\/08\/kp-logo-external-use-dk-white-rgb-768x158.png 768w, https:\/\/sygeplejenshistorie.dk\/wp-content\/uploads\/2024\/08\/kp-logo-external-use-dk-white-rgb-1536x316.png 1536w, https:\/\/sygeplejenshistorie.dk\/wp-content\/uploads\/2024\/08\/kp-logo-external-use-dk-white-rgb-2048x421.png 2048w\" sizes=\"(max-width: 800px) 100vw, 800px\" \/>\t\t\t\t\t\t\t\t\t\t\t\t\t\t\t<\/div>\n\t\t\t\t<\/div>\n\t\t\t\t<\/div>\n\t\t\t\t<\/div>\n\t\t","protected":false},"excerpt":{"rendered":"<p>Forandringernes \u00e5r: Velf\u00e6rd, polio og m\u00e6ndenes indtog L\u00c6RERVEJLEDNING M\u00e6nd i sygeplejen Sygeplejen er historisk set blevet betragtet som et kvindefag. En betragtning, som blev cementeret med\u00a0 statsautorisationen i 1933, hvori en sygeplejerske pr. definition var kvinde.\u00a0 Efter 2. Verdenskrig opstod der imidlertid en alvorlig mangel p\u00e5 sygeplejersker i Danmark. I 1949 var 32,5% af sygehusenes [&hellip;]<\/p>\n","protected":false},"author":5,"featured_media":0,"parent":0,"menu_order":0,"comment_status":"closed","ping_status":"closed","template":"","meta":{"footnotes":""},"class_list":["post-71","page","type-page","status-publish","hentry"],"_links":{"self":[{"href":"https:\/\/sygeplejenshistorie.dk\/index.php?rest_route=\/wp\/v2\/pages\/71","targetHints":{"allow":["GET"]}}],"collection":[{"href":"https:\/\/sygeplejenshistorie.dk\/index.php?rest_route=\/wp\/v2\/pages"}],"about":[{"href":"https:\/\/sygeplejenshistorie.dk\/index.php?rest_route=\/wp\/v2\/types\/page"}],"author":[{"embeddable":true,"href":"https:\/\/sygeplejenshistorie.dk\/index.php?rest_route=\/wp\/v2\/users\/5"}],"replies":[{"embeddable":true,"href":"https:\/\/sygeplejenshistorie.dk\/index.php?rest_route=%2Fwp%2Fv2%2Fcomments&post=71"}],"version-history":[{"count":0,"href":"https:\/\/sygeplejenshistorie.dk\/index.php?rest_route=\/wp\/v2\/pages\/71\/revisions"}],"wp:attachment":[{"href":"https:\/\/sygeplejenshistorie.dk\/index.php?rest_route=%2Fwp%2Fv2%2Fmedia&parent=71"}],"curies":[{"name":"wp","href":"https:\/\/api.w.org\/{rel}","templated":true}]}}